{"id":173,"date":"2025-02-27T10:48:06","date_gmt":"2025-02-27T09:48:06","guid":{"rendered":"https:\/\/utravaloegyesulet.hu\/guidance-association\/"},"modified":"2025-03-18T11:29:16","modified_gmt":"2025-03-18T10:29:16","slug":"guidance-association","status":"publish","type":"page","link":"https:\/\/utravaloegyesulet.hu\/en\/","title":{"rendered":"GUIDANCE ASSOCIATION"},"content":{"rendered":"\n<div class=\"wp-block-group is-layout-constrained wp-container-core-group-is-layout-704e782a wp-block-group-is-layout-constrained\">\n<div class=\"wp-block-columns is-layout-flex wp-container-core-columns-is-layout-28f84493 wp-block-columns-is-layout-flex\">\n<div class=\"wp-block-column is-layout-constrained wp-container-core-column-is-layout-704e782a wp-block-column-is-layout-constrained\" style=\"flex-basis:100%\">\n<figure class=\"wp-block-image size-large\"><img loading=\"lazy\" decoding=\"async\" width=\"1024\" height=\"275\" src=\"http:\/\/utravaloegyesulet.hu\/wp-content\/uploads\/2025\/02\/utravalo-1920-x-515-keppont-2-1024x275.png\" alt=\"\" class=\"wp-image-68\" srcset=\"https:\/\/utravaloegyesulet.hu\/wp-content\/uploads\/2025\/02\/utravalo-1920-x-515-keppont-2-1024x275.png 1024w, https:\/\/utravaloegyesulet.hu\/wp-content\/uploads\/2025\/02\/utravalo-1920-x-515-keppont-2-300x80.png 300w, https:\/\/utravaloegyesulet.hu\/wp-content\/uploads\/2025\/02\/utravalo-1920-x-515-keppont-2-768x206.png 768w, https:\/\/utravaloegyesulet.hu\/wp-content\/uploads\/2025\/02\/utravalo-1920-x-515-keppont-2-1536x412.png 1536w, https:\/\/utravaloegyesulet.hu\/wp-content\/uploads\/2025\/02\/utravalo-1920-x-515-keppont-2.png 1920w\" sizes=\"auto, (max-width: 1024px) 100vw, 1024px\" \/><\/figure>\n\n\n\n<h2 class=\"wp-block-heading has-text-align-center has-system-font-font-family\" style=\"border-style:none;border-width:0px;font-size:35px;font-style:normal;font-weight:400\">Our Mission<\/h2>\n\n\n\n<p class=\"has-text-align-center\" style=\"padding-right:0;padding-left:0\">The Guidance Association is a non-profit organisation supporting B\u00e9k\u00e9s Doula Circle\u2019s professional work. It conducts research on birth, its social perception, and the history of doulas in Hungary. The association creates educational platforms, promotes professional and civil communities in the field, and collaborates with educational institutions. Its activities span the social, cultural, and educational sectors, aiming to provide evidence-based knowledge and support for expectant parents. Through advocacy and training, it works to enhance the recognition of doula care and improve birth experiences. The organisation also facilitates programs to ensure equal access to childbirth support for all families.<\/p>\n<\/div>\n<\/div>\n<\/div>\n\n\n\n<hr class=\"wp-block-separator has-alpha-channel-opacity\" style=\"margin-top:var(--wp--preset--spacing--80);margin-bottom:var(--wp--preset--spacing--80)\"\/>\n\n\n\n<h2 class=\"wp-block-heading has-text-align-center has-text-color has-link-color has-large-font-size wp-elements-dde2d4c39aeeca433bf27fff348610e7\" style=\"color:#e39417;font-style:normal;font-weight:400\">The professional organisation of Guidance Association is B\u00e9k\u00e9s Doula Circle,<br>led by Em\u0151ke B\u00e9k\u00e9s.<\/h2>\n\n\n\n<figure class=\"wp-block-image aligncenter size-full\"><a href=\"https:\/\/bekesdulakor.hu\"><img loading=\"lazy\" decoding=\"async\" width=\"339\" height=\"50\" src=\"https:\/\/utravaloegyesulet.hu\/wp-content\/uploads\/2025\/03\/Bekes-Dulakor-logo-sticky-kicsi2.png\" alt=\"\" class=\"wp-image-87\" srcset=\"https:\/\/utravaloegyesulet.hu\/wp-content\/uploads\/2025\/03\/Bekes-Dulakor-logo-sticky-kicsi2.png 339w, https:\/\/utravaloegyesulet.hu\/wp-content\/uploads\/2025\/03\/Bekes-Dulakor-logo-sticky-kicsi2-300x44.png 300w\" sizes=\"auto, (max-width: 339px) 100vw, 339px\" \/><\/a><\/figure>\n\n\n\n<hr class=\"wp-block-separator has-alpha-channel-opacity is-style-default\" style=\"margin-top:var(--wp--preset--spacing--80);margin-bottom:var(--wp--preset--spacing--80)\"\/>\n\n\n\n<p><\/p>\n\n\n\n<p><\/p>\n","protected":false},"excerpt":{"rendered":"<p>Our Mission The Guidance Association is a non-profit organisation supporting B\u00e9k\u00e9s Doula Circle\u2019s professional work. It conducts research on birth, its social perception, and the history of doulas in Hungary. The association creates educational platforms, promotes professional and civil communities in the field, and collaborates with educational institutions. Its activities span the social, cultural, and [&hellip;]<\/p>\n","protected":false},"author":1,"featured_media":0,"parent":0,"menu_order":0,"comment_status":"closed","ping_status":"open","template":"page-large-header","meta":{"footnotes":""},"class_list":["post-173","page","type-page","status-publish","hentry"],"_links":{"self":[{"href":"https:\/\/utravaloegyesulet.hu\/en\/wp-json\/wp\/v2\/pages\/173","targetHints":{"allow":["GET"]}}],"collection":[{"href":"https:\/\/utravaloegyesulet.hu\/en\/wp-json\/wp\/v2\/pages"}],"about":[{"href":"https:\/\/utravaloegyesulet.hu\/en\/wp-json\/wp\/v2\/types\/page"}],"author":[{"embeddable":true,"href":"https:\/\/utravaloegyesulet.hu\/en\/wp-json\/wp\/v2\/users\/1"}],"replies":[{"embeddable":true,"href":"https:\/\/utravaloegyesulet.hu\/en\/wp-json\/wp\/v2\/comments?post=173"}],"version-history":[{"count":11,"href":"https:\/\/utravaloegyesulet.hu\/en\/wp-json\/wp\/v2\/pages\/173\/revisions"}],"predecessor-version":[{"id":271,"href":"https:\/\/utravaloegyesulet.hu\/en\/wp-json\/wp\/v2\/pages\/173\/revisions\/271"}],"wp:attachment":[{"href":"https:\/\/utravaloegyesulet.hu\/en\/wp-json\/wp\/v2\/media?parent=173"}],"curies":[{"name":"wp","href":"https:\/\/api.w.org\/{rel}","templated":true}]}}