{"id":199,"date":"2025-03-13T13:47:40","date_gmt":"2025-03-13T12:47:40","guid":{"rendered":"https:\/\/utravaloegyesulet.hu\/bekes-dulakor\/"},"modified":"2025-03-25T11:06:36","modified_gmt":"2025-03-25T10:06:36","slug":"bekes-dulakor","status":"publish","type":"page","link":"https:\/\/utravaloegyesulet.hu\/en\/bekes-dulakor\/","title":{"rendered":"B\u00e9k\u00e9s D\u00falak\u00f6r"},"content":{"rendered":"\n<h2 class=\"wp-block-heading has-background-color has-text-color has-link-color has-system-font-font-family wp-elements-6c2495307fa75255bdb9fc3959f682a1\" style=\"border-style:none;border-width:0px;padding-right:0;padding-left:0;font-size:44px\">B\u00e9k\u00e9s D\u00falak\u00f6r<\/h2>\n\n\n\n<p>The leaders of the professional organization:<\/p>\n\n\n\n<div class=\"wp-block-columns is-layout-flex wp-container-core-columns-is-layout-28f84493 wp-block-columns-is-layout-flex\">\n<div class=\"wp-block-column is-layout-flow wp-block-column-is-layout-flow\">\n<figure class=\"wp-block-image aligncenter size-large\"><img loading=\"lazy\" decoding=\"async\" width=\"810\" height=\"1024\" src=\"https:\/\/utravaloegyesulet.hu\/wp-content\/uploads\/2025\/03\/IMG_3726-1-1-1-810x1024.jpg\" alt=\"\" class=\"wp-image-297\" srcset=\"https:\/\/utravaloegyesulet.hu\/wp-content\/uploads\/2025\/03\/IMG_3726-1-1-1-810x1024.jpg 810w, https:\/\/utravaloegyesulet.hu\/wp-content\/uploads\/2025\/03\/IMG_3726-1-1-1-237x300.jpg 237w, https:\/\/utravaloegyesulet.hu\/wp-content\/uploads\/2025\/03\/IMG_3726-1-1-1-768x971.jpg 768w, https:\/\/utravaloegyesulet.hu\/wp-content\/uploads\/2025\/03\/IMG_3726-1-1-1-1215x1536.jpg 1215w, https:\/\/utravaloegyesulet.hu\/wp-content\/uploads\/2025\/03\/IMG_3726-1-1-1-1620x2048.jpg 1620w, https:\/\/utravaloegyesulet.hu\/wp-content\/uploads\/2025\/03\/IMG_3726-1-1-1-scaled.jpg 2025w\" sizes=\"auto, (max-width: 810px) 100vw, 810px\" \/><\/figure>\n\n\n\n<p class=\"has-text-align-center\" style=\"font-size:0.8rem\">Anna G\u00e1sp\u00e1r, President of the \u00datraval\u00f3 Association, Secretary of the Peaceful D\u00falak\u00f6r<\/p>\n<\/div>\n\n\n\n<div class=\"wp-block-column is-layout-flow wp-block-column-is-layout-flow\">\n<figure class=\"wp-block-image aligncenter size-full is-resized\"><img loading=\"lazy\" decoding=\"async\" width=\"577\" height=\"1024\" src=\"http:\/\/utravaloegyesulet.hu\/wp-content\/uploads\/2025\/03\/turai_petra.jpg\" alt=\"\" class=\"wp-image-283\" style=\"width:143px;height:auto\" srcset=\"https:\/\/utravaloegyesulet.hu\/wp-content\/uploads\/2025\/03\/turai_petra.jpg 577w, https:\/\/utravaloegyesulet.hu\/wp-content\/uploads\/2025\/03\/turai_petra-169x300.jpg 169w\" sizes=\"auto, (max-width: 577px) 100vw, 577px\" \/><\/figure>\n\n\n\n<p class=\"has-text-align-center\" style=\"font-size:0.8rem\">Petra Turai, Supervisory Commissioner of the \u00datraval\u00f3 Association, member of the B\u00e9k\u00e9s D\u00falak\u00f6r presidency<\/p>\n<\/div>\n\n\n\n<div class=\"wp-block-column is-layout-flow wp-block-column-is-layout-flow\">\n<figure class=\"wp-block-image aligncenter size-full is-resized\"><img loading=\"lazy\" decoding=\"async\" width=\"600\" height=\"902\" src=\"http:\/\/utravaloegyesulet.hu\/wp-content\/uploads\/2025\/03\/Emoke-35-600x902-1.jpg\" alt=\"\" class=\"wp-image-281\" style=\"width:168px;height:auto\" srcset=\"https:\/\/utravaloegyesulet.hu\/wp-content\/uploads\/2025\/03\/Emoke-35-600x902-1.jpg 600w, https:\/\/utravaloegyesulet.hu\/wp-content\/uploads\/2025\/03\/Emoke-35-600x902-1-200x300.jpg 200w\" sizes=\"auto, (max-width: 600px) 100vw, 600px\" \/><\/figure>\n\n\n\n<p class=\"has-text-align-center\" style=\"font-size:0.8rem\">Em\u0151ke B\u00e9k\u00e9s, professional leader of the B\u00e9k\u00e9s D\u00falak\u00f6r, member of the board<\/p>\n<\/div>\n<\/div>\n\n\n\n<hr class=\"wp-block-separator has-alpha-channel-opacity\" style=\"margin-top:var(--wp--preset--spacing--60);margin-bottom:var(--wp--preset--spacing--60)\"\/>\n\n\n\n<p>For more than fifteen years, B\u00e9k\u00e9s D\u00falak\u00f6r has been providing counselling, education, development, assistance, equal opportunities and accessibility, mainly in the fields of social, family and child welfare.  <\/p>\n\n\n\n<p>Our goal is to make Doula antenatal care and birth attendance a known and respected activity and to provide mothers and families with up-to-date and credible information on birth preparation, a beautiful birth experience for parents and a dignified arrival for babies. We develop important partnerships with health care institutions.   <\/p>\n\n\n\n<p>The B\u00e9k\u00e9s D\u00falas are birth companions who help mothers and their couples with knowledge, correct information and deep empathy during the months of pregnancy, the hours of labour and birth, as well as during the puerperium. In the first 10 years of its operation, the B\u00e9k\u00e9s D\u00falak\u00f6r provided education for nearly 40 people a year, including self-awareness training and doula education, and then a two-year process culminating in a doula exam.Active members of the D\u00falak\u00f6r regularly attend births in all parts of the country, and we also try to reach out to several rural cities with our events.   <\/p>\n\n\n\n<p>Studies both abroad and in our country have shown that doula-supported births have significantly fewer complications and interventions, fewer problems with breastfeeding, overall satisfaction with their birth, and lower rates of depression.<\/p>\n\n\n\n<p>The doula helps the mother to ensure that if unexpected events or interventions occur during pregnancy or childbirth, the mother or her partner will be given accurate and understandable information. The doula helps communication between the mother and health care staff. The supportive role is all about emotional and physical support and information. The doula group makes helping refugee mothers and mothers a priority. These are services and assistance that the birth couple does not receive in such a complex way from any other birth support provider. A beautiful birth experience is the key to having a child, so it is important to prepare every woman for this special event and accompany her as best we can.       <\/p>\n\n\n\n<p>Our goal is to make Doula antenatal care and birth attendance a known and respected activity and to provide mothers and families with up-to-date and credible information-based birth preparation and attendance.<\/p>\n","protected":false},"excerpt":{"rendered":"<p>B\u00e9k\u00e9s D\u00falak\u00f6r The leaders of the professional organization: Anna G\u00e1sp\u00e1r, President of the \u00datraval\u00f3 Association, Secretary of the Peaceful D\u00falak\u00f6r Petra Turai, Supervisory Commissioner of the \u00datraval\u00f3 Association, member of the B\u00e9k\u00e9s D\u00falak\u00f6r presidency Em\u0151ke B\u00e9k\u00e9s, professional leader of the B\u00e9k\u00e9s D\u00falak\u00f6r, member of the board For more than fifteen years, B\u00e9k\u00e9s D\u00falak\u00f6r has been [&hellip;]<\/p>\n","protected":false},"author":1,"featured_media":0,"parent":0,"menu_order":0,"comment_status":"closed","ping_status":"closed","template":"page-large-header","meta":{"footnotes":""},"class_list":["post-199","page","type-page","status-publish","hentry"],"_links":{"self":[{"href":"https:\/\/utravaloegyesulet.hu\/en\/wp-json\/wp\/v2\/pages\/199","targetHints":{"allow":["GET"]}}],"collection":[{"href":"https:\/\/utravaloegyesulet.hu\/en\/wp-json\/wp\/v2\/pages"}],"about":[{"href":"https:\/\/utravaloegyesulet.hu\/en\/wp-json\/wp\/v2\/types\/page"}],"author":[{"embeddable":true,"href":"https:\/\/utravaloegyesulet.hu\/en\/wp-json\/wp\/v2\/users\/1"}],"replies":[{"embeddable":true,"href":"https:\/\/utravaloegyesulet.hu\/en\/wp-json\/wp\/v2\/comments?post=199"}],"version-history":[{"count":8,"href":"https:\/\/utravaloegyesulet.hu\/en\/wp-json\/wp\/v2\/pages\/199\/revisions"}],"predecessor-version":[{"id":301,"href":"https:\/\/utravaloegyesulet.hu\/en\/wp-json\/wp\/v2\/pages\/199\/revisions\/301"}],"wp:attachment":[{"href":"https:\/\/utravaloegyesulet.hu\/en\/wp-json\/wp\/v2\/media?parent=199"}],"curies":[{"name":"wp","href":"https:\/\/api.w.org\/{rel}","templated":true}]}}